{"id":40,"date":"2024-11-15T16:29:20","date_gmt":"2024-11-15T13:29:20","guid":{"rendered":"http:\/\/valdosinsaat.com\/?page_id=40"},"modified":"2024-11-15T18:09:11","modified_gmt":"2024-11-15T15:09:11","slug":"devam-eden-projeler","status":"publish","type":"page","link":"https:\/\/valdosinsaat.com\/index.php\/devam-eden-projeler\/","title":{"rendered":"Devam Eden Projeler"},"content":{"rendered":"\n<p>Sayfa \u00e7al\u0131\u015fma a\u015famas\u0131nda.<\/p>\n","protected":false},"excerpt":{"rendered":"<p>Sayfa \u00e7al\u0131\u015fma a\u015famas\u0131nda.<\/p>\n","protected":false},"author":1,"featured_media":0,"parent":0,"menu_order":0,"comment_status":"closed","ping_status":"closed","template":"","meta":{"_themeisle_gutenberg_block_has_review":false,"footnotes":""},"class_list":["post-40","page","type-page","status-publish","hentry"],"_links":{"self":[{"href":"https:\/\/valdosinsaat.com\/index.php\/wp-json\/wp\/v2\/pages\/40","targetHints":{"allow":["GET"]}}],"collection":[{"href":"https:\/\/valdosinsaat.com\/index.php\/wp-json\/wp\/v2\/pages"}],"about":[{"href":"https:\/\/valdosinsaat.com\/index.php\/wp-json\/wp\/v2\/types\/page"}],"author":[{"embeddable":true,"href":"https:\/\/valdosinsaat.com\/index.php\/wp-json\/wp\/v2\/users\/1"}],"replies":[{"embeddable":true,"href":"https:\/\/valdosinsaat.com\/index.php\/wp-json\/wp\/v2\/comments?post=40"}],"version-history":[{"count":2,"href":"https:\/\/valdosinsaat.com\/index.php\/wp-json\/wp\/v2\/pages\/40\/revisions"}],"predecessor-version":[{"id":76,"href":"https:\/\/valdosinsaat.com\/index.php\/wp-json\/wp\/v2\/pages\/40\/revisions\/76"}],"wp:attachment":[{"href":"https:\/\/valdosinsaat.com\/index.php\/wp-json\/wp\/v2\/media?parent=40"}],"curies":[{"name":"wp","href":"https:\/\/api.w.org\/{rel}","templated":true}]}}