{"id":57,"date":"2024-11-15T17:04:23","date_gmt":"2024-11-15T14:04:23","guid":{"rendered":"http:\/\/valdosinsaat.com\/?page_id=57"},"modified":"2024-11-15T18:11:14","modified_gmt":"2024-11-15T15:11:14","slug":"iletisim-2","status":"publish","type":"page","link":"https:\/\/valdosinsaat.com\/index.php\/iletisim-2\/","title":{"rendered":"\u0130leti\u015fim"},"content":{"rendered":"\n<p>Adres: Yahya Kahya Mah. Neva Sok. No:2\/2 Kas\u0131mpa\u015fa Beyo\u011flu \u0130stanbul<\/p>\n\n\n\n<p>Mail: info@valdosinsaat.com<\/p>\n","protected":false},"excerpt":{"rendered":"<p>Adres: Yahya Kahya Mah. Neva Sok. No:2\/2 Kas\u0131mpa\u015fa Beyo\u011flu \u0130stanbul Mail: info@valdosinsaat.com<\/p>\n","protected":false},"author":1,"featured_media":0,"parent":0,"menu_order":0,"comment_status":"closed","ping_status":"closed","template":"","meta":{"_themeisle_gutenberg_block_has_review":false,"footnotes":""},"class_list":["post-57","page","type-page","status-publish","hentry"],"_links":{"self":[{"href":"https:\/\/valdosinsaat.com\/index.php\/wp-json\/wp\/v2\/pages\/57","targetHints":{"allow":["GET"]}}],"collection":[{"href":"https:\/\/valdosinsaat.com\/index.php\/wp-json\/wp\/v2\/pages"}],"about":[{"href":"https:\/\/valdosinsaat.com\/index.php\/wp-json\/wp\/v2\/types\/page"}],"author":[{"embeddable":true,"href":"https:\/\/valdosinsaat.com\/index.php\/wp-json\/wp\/v2\/users\/1"}],"replies":[{"embeddable":true,"href":"https:\/\/valdosinsaat.com\/index.php\/wp-json\/wp\/v2\/comments?post=57"}],"version-history":[{"count":2,"href":"https:\/\/valdosinsaat.com\/index.php\/wp-json\/wp\/v2\/pages\/57\/revisions"}],"predecessor-version":[{"id":79,"href":"https:\/\/valdosinsaat.com\/index.php\/wp-json\/wp\/v2\/pages\/57\/revisions\/79"}],"wp:attachment":[{"href":"https:\/\/valdosinsaat.com\/index.php\/wp-json\/wp\/v2\/media?parent=57"}],"curies":[{"name":"wp","href":"https:\/\/api.w.org\/{rel}","templated":true}]}}