{"id":59,"date":"2024-11-15T17:04:59","date_gmt":"2024-11-15T14:04:59","guid":{"rendered":"http:\/\/valdosinsaat.com\/?page_id=59"},"modified":"2024-11-15T18:09:41","modified_gmt":"2024-11-15T15:09:41","slug":"hakkimizda","status":"publish","type":"page","link":"https:\/\/valdosinsaat.com\/index.php\/hakkimizda\/","title":{"rendered":"Hakk\u0131m\u0131zda"},"content":{"rendered":"\n<p>Sayfa \u00e7al\u0131\u015fma a\u015famas\u0131nda.<\/p>\n","protected":false},"excerpt":{"rendered":"<p>Sayfa \u00e7al\u0131\u015fma a\u015famas\u0131nda.<\/p>\n","protected":false},"author":1,"featured_media":0,"parent":0,"menu_order":0,"comment_status":"closed","ping_status":"closed","template":"","meta":{"_themeisle_gutenberg_block_has_review":false,"footnotes":""},"class_list":["post-59","page","type-page","status-publish","hentry"],"_links":{"self":[{"href":"https:\/\/valdosinsaat.com\/index.php\/wp-json\/wp\/v2\/pages\/59","targetHints":{"allow":["GET"]}}],"collection":[{"href":"https:\/\/valdosinsaat.com\/index.php\/wp-json\/wp\/v2\/pages"}],"about":[{"href":"https:\/\/valdosinsaat.com\/index.php\/wp-json\/wp\/v2\/types\/page"}],"author":[{"embeddable":true,"href":"https:\/\/valdosinsaat.com\/index.php\/wp-json\/wp\/v2\/users\/1"}],"replies":[{"embeddable":true,"href":"https:\/\/valdosinsaat.com\/index.php\/wp-json\/wp\/v2\/comments?post=59"}],"version-history":[{"count":2,"href":"https:\/\/valdosinsaat.com\/index.php\/wp-json\/wp\/v2\/pages\/59\/revisions"}],"predecessor-version":[{"id":77,"href":"https:\/\/valdosinsaat.com\/index.php\/wp-json\/wp\/v2\/pages\/59\/revisions\/77"}],"wp:attachment":[{"href":"https:\/\/valdosinsaat.com\/index.php\/wp-json\/wp\/v2\/media?parent=59"}],"curies":[{"name":"wp","href":"https:\/\/api.w.org\/{rel}","templated":true}]}}