{"id":8,"date":"2024-11-15T15:40:24","date_gmt":"2024-11-15T12:40:24","guid":{"rendered":"http:\/\/valdosinsaat.com\/?page_id=8"},"modified":"2024-11-15T18:10:12","modified_gmt":"2024-11-15T15:10:12","slug":"projeler","status":"publish","type":"page","link":"https:\/\/valdosinsaat.com\/index.php\/projeler\/","title":{"rendered":"Tamamlanan Projeler"},"content":{"rendered":"\n<p>Sayfa \u00e7al\u0131\u015fma a\u015famas\u0131nda.<\/p>\n","protected":false},"excerpt":{"rendered":"<p>Sayfa \u00e7al\u0131\u015fma a\u015famas\u0131nda.<\/p>\n","protected":false},"author":1,"featured_media":0,"parent":0,"menu_order":0,"comment_status":"closed","ping_status":"closed","template":"","meta":{"_themeisle_gutenberg_block_has_review":false,"footnotes":""},"class_list":["post-8","page","type-page","status-publish","hentry"],"_links":{"self":[{"href":"https:\/\/valdosinsaat.com\/index.php\/wp-json\/wp\/v2\/pages\/8","targetHints":{"allow":["GET"]}}],"collection":[{"href":"https:\/\/valdosinsaat.com\/index.php\/wp-json\/wp\/v2\/pages"}],"about":[{"href":"https:\/\/valdosinsaat.com\/index.php\/wp-json\/wp\/v2\/types\/page"}],"author":[{"embeddable":true,"href":"https:\/\/valdosinsaat.com\/index.php\/wp-json\/wp\/v2\/users\/1"}],"replies":[{"embeddable":true,"href":"https:\/\/valdosinsaat.com\/index.php\/wp-json\/wp\/v2\/comments?post=8"}],"version-history":[{"count":3,"href":"https:\/\/valdosinsaat.com\/index.php\/wp-json\/wp\/v2\/pages\/8\/revisions"}],"predecessor-version":[{"id":78,"href":"https:\/\/valdosinsaat.com\/index.php\/wp-json\/wp\/v2\/pages\/8\/revisions\/78"}],"wp:attachment":[{"href":"https:\/\/valdosinsaat.com\/index.php\/wp-json\/wp\/v2\/media?parent=8"}],"curies":[{"name":"wp","href":"https:\/\/api.w.org\/{rel}","templated":true}]}}